{"id":49,"date":"2023-02-22T23:30:59","date_gmt":"2023-02-22T23:30:59","guid":{"rendered":"https:\/\/frojdstoolbox.se\/?page_id=49"},"modified":"2023-05-18T18:15:34","modified_gmt":"2023-05-18T18:15:34","slug":"frojd-intervjuar","status":"publish","type":"page","link":"https:\/\/frojdstoolbox.se\/?page_id=49","title":{"rendered":""},"content":{"rendered":"\n<div id=\"wp-block-themeisle-blocks-advanced-columns-55b78b58\" class=\"wp-block-themeisle-blocks-advanced-columns alignfull has-3-columns has-desktop-equal-layout has-tablet-equal-layout has-mobile-collapsedRows-layout has-vertical-center ticss-c00aadba\"><div class=\"wp-block-themeisle-blocks-advanced-columns-overlay\"><\/div><div class=\"innerblocks-wrap\">\n<div id=\"wp-block-themeisle-blocks-advanced-column-d16eef57\" class=\"wp-block-themeisle-blocks-advanced-column\">\n<figure class=\"wp-block-gallery aligncenter has-nested-images columns-default is-cropped wp-block-gallery-1 is-layout-flex wp-block-gallery-is-layout-flex\">\n<figure class=\"wp-block-image size-large\"><img loading=\"lazy\" decoding=\"async\" width=\"1024\" height=\"740\" data-id=\"135\" src=\"https:\/\/frojdstoolbox.se\/wp-content\/uploads\/2023\/03\/Barbro_Westlund_L-1024x740.jpg\" alt=\"\" class=\"wp-image-135\" srcset=\"https:\/\/frojdstoolbox.se\/wp-content\/uploads\/2023\/03\/Barbro_Westlund_L-1024x740.jpg 1024w, https:\/\/frojdstoolbox.se\/wp-content\/uploads\/2023\/03\/Barbro_Westlund_L-300x217.jpg 300w, https:\/\/frojdstoolbox.se\/wp-content\/uploads\/2023\/03\/Barbro_Westlund_L-768x555.jpg 768w, https:\/\/frojdstoolbox.se\/wp-content\/uploads\/2023\/03\/Barbro_Westlund_L-1536x1109.jpg 1536w, https:\/\/frojdstoolbox.se\/wp-content\/uploads\/2023\/03\/Barbro_Westlund_L-2048x1479.jpg 2048w\" sizes=\"auto, (max-width: 1024px) 100vw, 1024px\" \/><\/figure>\n<\/figure>\n\n\n\n<h3 id=\"wp-block-themeisle-blocks-advanced-heading-af4a6933\" class=\"wp-block-themeisle-blocks-advanced-heading wp-block-themeisle-blocks-advanced-heading-af4a6933\">L\u00e4sf\u00f6rst\u00e5else och livsl\u00e5ngt l\u00e4rande &#8211; med Barbro Westlund<\/h3>\n\n\n\n<p><\/p>\n\n\n\n<div class=\"wp-block-buttons is-content-justification-center is-layout-flex wp-container-core-buttons-is-layout-a89b3969 wp-block-buttons-is-layout-flex\">\n<div class=\"wp-block-button is-style-primary\"><a class=\"wp-block-button__link wp-element-button\" href=\"https:\/\/www.youtube.com\/watch?v=nDlEQF-z7b0\" target=\"_blank\" rel=\"noreferrer noopener\">Se Intervju<\/a><\/div>\n<\/div>\n<\/div>\n\n\n\n<div id=\"wp-block-themeisle-blocks-advanced-column-bd1b0b6b\" class=\"wp-block-themeisle-blocks-advanced-column\">\n<figure class=\"wp-block-image aligncenter size-large\"><img loading=\"lazy\" decoding=\"async\" width=\"1024\" height=\"914\" src=\"https:\/\/frojdstoolbox.se\/wp-content\/uploads\/2023\/03\/lars9-1024x914.jpg\" alt=\"\" class=\"wp-image-138\" srcset=\"https:\/\/frojdstoolbox.se\/wp-content\/uploads\/2023\/03\/lars9-1024x914.jpg 1024w, https:\/\/frojdstoolbox.se\/wp-content\/uploads\/2023\/03\/lars9-300x268.jpg 300w, https:\/\/frojdstoolbox.se\/wp-content\/uploads\/2023\/03\/lars9-768x685.jpg 768w, https:\/\/frojdstoolbox.se\/wp-content\/uploads\/2023\/03\/lars9.jpg 1300w\" sizes=\"auto, (max-width: 1024px) 100vw, 1024px\" \/><\/figure>\n\n\n\n<h3 id=\"wp-block-themeisle-blocks-advanced-heading-112ba0b0\" class=\"wp-block-themeisle-blocks-advanced-heading wp-block-themeisle-blocks-advanced-heading-112ba0b0\">Ledarskap; Hur och varf\u00f6r &#8211; med Lars Lagerb\u00e4ck<\/h3>\n\n\n\n<p class=\"has-text-align-center\"><\/p>\n\n\n\n<div class=\"wp-block-buttons is-content-justification-center is-layout-flex wp-container-core-buttons-is-layout-a89b3969 wp-block-buttons-is-layout-flex\">\n<div class=\"wp-block-button is-style-primary\"><a class=\"wp-block-button__link wp-element-button\" href=\"https:\/\/www.youtube.com\/watch?v=IecBlnfNDl8\">Se Intervju<\/a><\/div>\n<\/div>\n<\/div>\n\n\n\n<div id=\"wp-block-themeisle-blocks-advanced-column-07b3d357\" class=\"wp-block-themeisle-blocks-advanced-column\">\n<figure class=\"wp-block-image aligncenter size-full\"><img loading=\"lazy\" decoding=\"async\" width=\"250\" height=\"359\" src=\"https:\/\/frojdstoolbox.se\/wp-content\/uploads\/2023\/03\/1294_big.jpg\" alt=\"\" class=\"wp-image-148\" srcset=\"https:\/\/frojdstoolbox.se\/wp-content\/uploads\/2023\/03\/1294_big.jpg 250w, https:\/\/frojdstoolbox.se\/wp-content\/uploads\/2023\/03\/1294_big-209x300.jpg 209w\" sizes=\"auto, (max-width: 250px) 100vw, 250px\" \/><\/figure>\n\n\n\n<h3 id=\"wp-block-themeisle-blocks-advanced-heading-c1dd424b\" class=\"wp-block-themeisle-blocks-advanced-heading wp-block-themeisle-blocks-advanced-heading-c1dd424b\">Ren formativ bed\u00f6mning &#8211; med Anders J\u00f6nsson<\/h3>\n\n\n\n<p class=\"has-text-align-center\"><\/p>\n\n\n\n<div class=\"wp-block-buttons is-content-justification-center is-layout-flex wp-container-core-buttons-is-layout-a89b3969 wp-block-buttons-is-layout-flex\">\n<div class=\"wp-block-button is-style-primary\"><a class=\"wp-block-button__link wp-element-button\" href=\"https:\/\/youtu.be\/6sdogMbDYKA\" target=\"_blank\" rel=\"noreferrer noopener\">Se Intervju<\/a><\/div>\n<\/div>\n<\/div>\n<\/div><\/div>\n\n\n\n<div id=\"wp-block-themeisle-blocks-advanced-columns-1275707f\" class=\"wp-block-themeisle-blocks-advanced-columns alignfull has-3-columns has-desktop-equal-layout has-tablet-equal-layout has-mobile-collapsedRows-layout has-vertical-center ticss-c00aadba\"><div class=\"wp-block-themeisle-blocks-advanced-columns-overlay\"><\/div><div class=\"innerblocks-wrap\">\n<div id=\"wp-block-themeisle-blocks-advanced-column-96626d40\" class=\"wp-block-themeisle-blocks-advanced-column\">\n<figure class=\"wp-block-gallery aligncenter has-nested-images columns-default is-cropped wp-block-gallery-2 is-layout-flex wp-block-gallery-is-layout-flex\">\n<figure class=\"wp-block-image size-full\"><img loading=\"lazy\" decoding=\"async\" width=\"250\" height=\"250\" data-id=\"141\" src=\"https:\/\/frojdstoolbox.se\/wp-content\/uploads\/2023\/03\/psifos_hbg17-peter.jpg\" alt=\"\" class=\"wp-image-141\" srcset=\"https:\/\/frojdstoolbox.se\/wp-content\/uploads\/2023\/03\/psifos_hbg17-peter.jpg 250w, https:\/\/frojdstoolbox.se\/wp-content\/uploads\/2023\/03\/psifos_hbg17-peter-150x150.jpg 150w\" sizes=\"auto, (max-width: 250px) 100vw, 250px\" \/><\/figure>\n<\/figure>\n\n\n\n<h3 id=\"wp-block-themeisle-blocks-advanced-heading-91d49e84\" class=\"wp-block-themeisle-blocks-advanced-heading wp-block-themeisle-blocks-advanced-heading-91d49e84\">Positivt beteendest\u00f6d i skolan &#8211; med Peter Karlsson<\/h3>\n\n\n\n<p><\/p>\n\n\n\n<div class=\"wp-block-buttons is-content-justification-center is-layout-flex wp-container-core-buttons-is-layout-a89b3969 wp-block-buttons-is-layout-flex\">\n<div class=\"wp-block-button is-style-primary\"><a class=\"wp-block-button__link wp-element-button\" href=\"https:\/\/www.youtube.com\/watch?v=w5UswATDq8k\">Se Intervju<\/a><\/div>\n<\/div>\n<\/div>\n\n\n\n<div id=\"wp-block-themeisle-blocks-advanced-column-b53a8ff0\" class=\"wp-block-themeisle-blocks-advanced-column\">\n<figure class=\"wp-block-image aligncenter size-large\"><img loading=\"lazy\" decoding=\"async\" width=\"1024\" height=\"740\" src=\"https:\/\/frojdstoolbox.se\/wp-content\/uploads\/2023\/03\/Barbro_Westlund_L-1024x740.jpg\" alt=\"\" class=\"wp-image-135\" srcset=\"https:\/\/frojdstoolbox.se\/wp-content\/uploads\/2023\/03\/Barbro_Westlund_L-1024x740.jpg 1024w, https:\/\/frojdstoolbox.se\/wp-content\/uploads\/2023\/03\/Barbro_Westlund_L-300x217.jpg 300w, https:\/\/frojdstoolbox.se\/wp-content\/uploads\/2023\/03\/Barbro_Westlund_L-768x555.jpg 768w, https:\/\/frojdstoolbox.se\/wp-content\/uploads\/2023\/03\/Barbro_Westlund_L-1536x1109.jpg 1536w, https:\/\/frojdstoolbox.se\/wp-content\/uploads\/2023\/03\/Barbro_Westlund_L-2048x1479.jpg 2048w\" sizes=\"auto, (max-width: 1024px) 100vw, 1024px\" \/><\/figure>\n\n\n\n<p><\/p>\n\n\n\n<h3 id=\"wp-block-themeisle-blocks-advanced-heading-202e8fa9\" class=\"wp-block-themeisle-blocks-advanced-heading wp-block-themeisle-blocks-advanced-heading-202e8fa9\">Faktabilderb\u00f6cker i f\u00f6rskolan (och med f\u00f6rdel i f\u00f6rskoleklass) &#8211; med Barbro Westlund<\/h3>\n\n\n\n<p class=\"has-text-align-center\"><\/p>\n\n\n\n<div class=\"wp-block-buttons is-content-justification-center is-layout-flex wp-container-core-buttons-is-layout-a89b3969 wp-block-buttons-is-layout-flex\">\n<div class=\"wp-block-button is-style-primary\"><a class=\"wp-block-button__link wp-element-button\" href=\"https:\/\/www.youtube.com\/watch?v=4TcXNso8mhg\">Se Intervju<\/a><\/div>\n<\/div>\n<\/div>\n\n\n\n<div id=\"wp-block-themeisle-blocks-advanced-column-f7aa86ca\" class=\"wp-block-themeisle-blocks-advanced-column\">\n<figure class=\"wp-block-image aligncenter size-full is-resized\"><img loading=\"lazy\" decoding=\"async\" src=\"https:\/\/frojdstoolbox.se\/wp-content\/uploads\/2023\/03\/Mw3Jqsx1_400x400.jpg\" alt=\"\" class=\"wp-image-163\" width=\"290\" height=\"290\" srcset=\"https:\/\/frojdstoolbox.se\/wp-content\/uploads\/2023\/03\/Mw3Jqsx1_400x400.jpg 400w, https:\/\/frojdstoolbox.se\/wp-content\/uploads\/2023\/03\/Mw3Jqsx1_400x400-300x300.jpg 300w, https:\/\/frojdstoolbox.se\/wp-content\/uploads\/2023\/03\/Mw3Jqsx1_400x400-150x150.jpg 150w\" sizes=\"auto, (max-width: 290px) 100vw, 290px\" \/><\/figure>\n\n\n\n<p><\/p>\n\n\n\n<h3 id=\"wp-block-themeisle-blocks-advanced-heading-e226fda6\" class=\"wp-block-themeisle-blocks-advanced-heading wp-block-themeisle-blocks-advanced-heading-e226fda6\">Ledarskapets motsvarighet till l\u00e4randets UDL- med Lee Bolman<\/h3>\n\n\n\n<p class=\"has-text-align-center\"><\/p>\n\n\n\n<div class=\"wp-block-buttons is-content-justification-center is-layout-flex wp-container-core-buttons-is-layout-a89b3969 wp-block-buttons-is-layout-flex\">\n<div class=\"wp-block-button is-style-primary\"><a class=\"wp-block-button__link wp-element-button\" href=\"https:\/\/www.youtube.com\/watch?v=wWaacmmZFtE\">Se intervju<\/a><\/div>\n<\/div>\n<\/div>\n<\/div><\/div>\n\n\n\n<div id=\"wp-block-themeisle-blocks-advanced-columns-95a53f8d\" class=\"wp-block-themeisle-blocks-advanced-columns alignfull has-3-columns has-desktop-equal-layout has-tablet-equal-layout has-mobile-collapsedRows-layout has-vertical-center ticss-c00aadba\"><div class=\"wp-block-themeisle-blocks-advanced-columns-overlay\"><\/div><div class=\"innerblocks-wrap\">\n<div id=\"wp-block-themeisle-blocks-advanced-column-aaf9cbf8\" class=\"wp-block-themeisle-blocks-advanced-column\">\n<figure class=\"wp-block-gallery aligncenter has-nested-images columns-default is-cropped wp-block-gallery-3 is-layout-flex wp-block-gallery-is-layout-flex\">\n<figure class=\"wp-block-image size-full\"><img loading=\"lazy\" decoding=\"async\" width=\"522\" height=\"600\" data-id=\"160\" src=\"https:\/\/frojdstoolbox.se\/wp-content\/uploads\/2023\/03\/webimage-ADD5133A-6C48-48D7-9D3A7E2FC3CA226B.jpg\" alt=\"\" class=\"wp-image-160\" srcset=\"https:\/\/frojdstoolbox.se\/wp-content\/uploads\/2023\/03\/webimage-ADD5133A-6C48-48D7-9D3A7E2FC3CA226B.jpg 522w, https:\/\/frojdstoolbox.se\/wp-content\/uploads\/2023\/03\/webimage-ADD5133A-6C48-48D7-9D3A7E2FC3CA226B-261x300.jpg 261w\" sizes=\"auto, (max-width: 522px) 100vw, 522px\" \/><\/figure>\n<\/figure>\n\n\n\n<h3 id=\"wp-block-themeisle-blocks-advanced-heading-a1b809cb\" class=\"wp-block-themeisle-blocks-advanced-heading wp-block-themeisle-blocks-advanced-heading-a1b809cb\">Starkast effekt p\u00e5 elevers studieresultat; kollektiv l\u00e4rareffektivitet &#8211; med Jenni Donohoo<\/h3>\n\n\n\n<p><\/p>\n\n\n\n<div class=\"wp-block-buttons is-content-justification-center is-layout-flex wp-container-core-buttons-is-layout-a89b3969 wp-block-buttons-is-layout-flex\">\n<div class=\"wp-block-button is-style-primary\"><a class=\"wp-block-button__link wp-element-button\" href=\"https:\/\/youtu.be\/iwQFxgyZanA\">Se Intervju<\/a><\/div>\n<\/div>\n<\/div>\n\n\n\n<div id=\"wp-block-themeisle-blocks-advanced-column-f292a145\" class=\"wp-block-themeisle-blocks-advanced-column\">\n<figure class=\"wp-block-image aligncenter size-large\"><img loading=\"lazy\" decoding=\"async\" width=\"1024\" height=\"1024\" src=\"https:\/\/frojdstoolbox.se\/wp-content\/uploads\/2023\/03\/Wiliam_Dylan-1024x1024.jpg\" alt=\"\" class=\"wp-image-164\" srcset=\"https:\/\/frojdstoolbox.se\/wp-content\/uploads\/2023\/03\/Wiliam_Dylan-1024x1024.jpg 1024w, https:\/\/frojdstoolbox.se\/wp-content\/uploads\/2023\/03\/Wiliam_Dylan-300x300.jpg 300w, https:\/\/frojdstoolbox.se\/wp-content\/uploads\/2023\/03\/Wiliam_Dylan-150x150.jpg 150w, https:\/\/frojdstoolbox.se\/wp-content\/uploads\/2023\/03\/Wiliam_Dylan-768x768.jpg 768w, https:\/\/frojdstoolbox.se\/wp-content\/uploads\/2023\/03\/Wiliam_Dylan.jpg 1200w\" sizes=\"auto, (max-width: 1024px) 100vw, 1024px\" \/><\/figure>\n\n\n\n<p><\/p>\n\n\n\n<h3 id=\"wp-block-themeisle-blocks-advanced-heading-1d773dab\" class=\"wp-block-themeisle-blocks-advanced-heading wp-block-themeisle-blocks-advanced-heading-1d773dab\">Det h\u00e4r \u00e4r vad v\u00e5ra skolor beh\u00f6ver &#8211; med Dylan Wiliam<\/h3>\n\n\n\n<p class=\"has-text-align-center\"><\/p>\n\n\n\n<div class=\"wp-block-buttons is-content-justification-center is-layout-flex wp-container-core-buttons-is-layout-a89b3969 wp-block-buttons-is-layout-flex\">\n<div class=\"wp-block-button is-style-primary\"><a class=\"wp-block-button__link wp-element-button\" href=\"https:\/\/www.youtube.com\/watch?v=O7TybywBMr0\">Se Intervju<\/a><\/div>\n<\/div>\n<\/div>\n\n\n\n<div id=\"wp-block-themeisle-blocks-advanced-column-ea8a4a48\" class=\"wp-block-themeisle-blocks-advanced-column\">\n<figure class=\"wp-block-image aligncenter size-full\"><img loading=\"lazy\" decoding=\"async\" width=\"512\" height=\"512\" src=\"https:\/\/frojdstoolbox.se\/wp-content\/uploads\/2023\/04\/Martin-Karlberg-2.jpg\" alt=\"\" class=\"wp-image-200\" srcset=\"https:\/\/frojdstoolbox.se\/wp-content\/uploads\/2023\/04\/Martin-Karlberg-2.jpg 512w, https:\/\/frojdstoolbox.se\/wp-content\/uploads\/2023\/04\/Martin-Karlberg-2-300x300.jpg 300w, https:\/\/frojdstoolbox.se\/wp-content\/uploads\/2023\/04\/Martin-Karlberg-2-150x150.jpg 150w\" sizes=\"auto, (max-width: 512px) 100vw, 512px\" \/><\/figure>\n\n\n\n<p><\/p>\n\n\n\n<h3 id=\"wp-block-themeisle-blocks-advanced-heading-64f485a8\" class=\"wp-block-themeisle-blocks-advanced-heading wp-block-themeisle-blocks-advanced-heading-64f485a8\">Att skapa en positiv och inkluderande arbetsmilj\u00f6 f\u00f6r alla elever och l\u00e4rare &#8211; med Martin Karlberg<\/h3>\n\n\n\n<p class=\"has-text-align-center\"><\/p>\n\n\n\n<div class=\"wp-block-buttons is-content-justification-center is-layout-flex wp-container-core-buttons-is-layout-a89b3969 wp-block-buttons-is-layout-flex\">\n<div class=\"wp-block-button is-style-primary\"><a class=\"wp-block-button__link wp-element-button\" href=\"https:\/\/youtu.be\/ii0nF1OzLJs\">Se Intervju<\/a><\/div>\n<\/div>\n<\/div>\n<\/div><\/div>\n\n\n\n<div id=\"wp-block-themeisle-blocks-advanced-columns-68b625ea\" class=\"wp-block-themeisle-blocks-advanced-columns alignfull has-3-columns has-desktop-equal-layout has-tablet-equal-layout has-mobile-collapsedRows-layout has-vertical-center ticss-c00aadba\"><div class=\"wp-block-themeisle-blocks-advanced-columns-overlay\"><\/div><div class=\"innerblocks-wrap\">\n<div id=\"wp-block-themeisle-blocks-advanced-column-83a8a8e1\" class=\"wp-block-themeisle-blocks-advanced-column\">\n<figure class=\"wp-block-gallery aligncenter has-nested-images columns-default is-cropped wp-block-gallery-4 is-layout-flex wp-block-gallery-is-layout-flex\">\n<figure class=\"wp-block-image size-full\"><img loading=\"lazy\" decoding=\"async\" width=\"448\" height=\"601\" data-id=\"206\" src=\"https:\/\/frojdstoolbox.se\/wp-content\/uploads\/2023\/04\/Karin_Mattsson_Weijber_in_January_2014.jpg\" alt=\"\" class=\"wp-image-206\" srcset=\"https:\/\/frojdstoolbox.se\/wp-content\/uploads\/2023\/04\/Karin_Mattsson_Weijber_in_January_2014.jpg 448w, https:\/\/frojdstoolbox.se\/wp-content\/uploads\/2023\/04\/Karin_Mattsson_Weijber_in_January_2014-224x300.jpg 224w\" sizes=\"auto, (max-width: 448px) 100vw, 448px\" \/><\/figure>\n<\/figure>\n\n\n\n<h3 id=\"wp-block-themeisle-blocks-advanced-heading-ac7bbf28\" class=\"wp-block-themeisle-blocks-advanced-heading wp-block-themeisle-blocks-advanced-heading-ac7bbf28\">Kommunikation, Tydlighet, F\u00f6rv\u00e4ntningar och Tillit: Ledarskap &#8211; med Karin Mattsson<\/h3>\n\n\n\n<p><\/p>\n\n\n\n<div class=\"wp-block-buttons is-content-justification-center is-layout-flex wp-container-core-buttons-is-layout-a89b3969 wp-block-buttons-is-layout-flex\">\n<div class=\"wp-block-button is-style-primary\"><a class=\"wp-block-button__link wp-element-button\" href=\"https:\/\/youtu.be\/zHKc-EM2z4k\">Se Intervju<\/a><\/div>\n<\/div>\n<\/div>\n\n\n\n<div id=\"wp-block-themeisle-blocks-advanced-column-c5f345e2\" class=\"wp-block-themeisle-blocks-advanced-column\">\n<figure class=\"wp-block-image size-full is-resized\"><img loading=\"lazy\" decoding=\"async\" src=\"https:\/\/frojdstoolbox.se\/wp-content\/uploads\/2023\/04\/unnamed-4.png\" alt=\"\" class=\"wp-image-229\" width=\"403\" height=\"403\" srcset=\"https:\/\/frojdstoolbox.se\/wp-content\/uploads\/2023\/04\/unnamed-4.png 200w, https:\/\/frojdstoolbox.se\/wp-content\/uploads\/2023\/04\/unnamed-4-150x150.png 150w\" sizes=\"auto, (max-width: 403px) 100vw, 403px\" \/><\/figure>\n\n\n\n<h3 id=\"wp-block-themeisle-blocks-advanced-heading-36ba29f3\" class=\"wp-block-themeisle-blocks-advanced-heading wp-block-themeisle-blocks-advanced-heading-36ba29f3\">Minnesfunktioner och l\u00e4rande &#8211; med Tobias Karlsson<\/h3>\n\n\n\n<p class=\"has-text-align-center\"><\/p>\n\n\n\n<div class=\"wp-block-buttons is-content-justification-center is-layout-flex wp-container-core-buttons-is-layout-a89b3969 wp-block-buttons-is-layout-flex\">\n<div class=\"wp-block-button is-style-primary\"><a class=\"wp-block-button__link wp-element-button\" href=\"https:\/\/youtu.be\/ujhp7ZPA5wc\">Se Intervju<\/a><\/div>\n<\/div>\n<\/div>\n\n\n\n<div id=\"wp-block-themeisle-blocks-advanced-column-51dca4a7\" class=\"wp-block-themeisle-blocks-advanced-column\">\n<figure class=\"wp-block-image aligncenter size-full is-resized\"><img loading=\"lazy\" decoding=\"async\" src=\"https:\/\/frojdstoolbox.se\/wp-content\/uploads\/2023\/04\/unnamed-1.png\" alt=\"\" class=\"wp-image-215\" width=\"369\" height=\"369\" srcset=\"https:\/\/frojdstoolbox.se\/wp-content\/uploads\/2023\/04\/unnamed-1.png 200w, https:\/\/frojdstoolbox.se\/wp-content\/uploads\/2023\/04\/unnamed-1-150x150.png 150w\" sizes=\"auto, (max-width: 369px) 100vw, 369px\" \/><\/figure>\n\n\n\n<p><\/p>\n\n\n\n<h3 id=\"wp-block-themeisle-blocks-advanced-heading-5edec76d\" class=\"wp-block-themeisle-blocks-advanced-heading wp-block-themeisle-blocks-advanced-heading-5edec76d\">S\u00e5 oms\u00e4tter du forskning om minnesfunktioner till effektiv undervisning i klassrummet &#8211; med Efrat Furst<\/h3>\n\n\n\n<p class=\"has-text-align-center\"><\/p>\n\n\n\n<div class=\"wp-block-buttons is-content-justification-center is-layout-flex wp-container-core-buttons-is-layout-a89b3969 wp-block-buttons-is-layout-flex\">\n<div class=\"wp-block-button is-style-primary\"><a class=\"wp-block-button__link wp-element-button\" href=\"https:\/\/youtu.be\/DPIoVGXtVHo\">Se Intervju<\/a><\/div>\n<\/div>\n<\/div>\n<\/div><\/div>\n\n\n\n<div id=\"wp-block-themeisle-blocks-advanced-columns-ef4fdea7\" class=\"wp-block-themeisle-blocks-advanced-columns alignfull has-3-columns has-desktop-equal-layout has-tablet-equal-layout has-mobile-collapsedRows-layout has-vertical-center ticss-c00aadba\"><div class=\"wp-block-themeisle-blocks-advanced-columns-overlay\"><\/div><div class=\"innerblocks-wrap\">\n<div id=\"wp-block-themeisle-blocks-advanced-column-df1c57ac\" class=\"wp-block-themeisle-blocks-advanced-column\">\n<figure class=\"wp-block-gallery aligncenter has-nested-images columns-default is-cropped wp-block-gallery-5 is-layout-flex wp-block-gallery-is-layout-flex\">\n<figure class=\"wp-block-image size-full\"><img loading=\"lazy\" decoding=\"async\" width=\"400\" height=\"400\" data-id=\"266\" src=\"https:\/\/frojdstoolbox.se\/wp-content\/uploads\/2023\/05\/QNyNuH1b_400x400.jpg\" alt=\"\" class=\"wp-image-266\" srcset=\"https:\/\/frojdstoolbox.se\/wp-content\/uploads\/2023\/05\/QNyNuH1b_400x400.jpg 400w, https:\/\/frojdstoolbox.se\/wp-content\/uploads\/2023\/05\/QNyNuH1b_400x400-300x300.jpg 300w, https:\/\/frojdstoolbox.se\/wp-content\/uploads\/2023\/05\/QNyNuH1b_400x400-150x150.jpg 150w\" sizes=\"auto, (max-width: 400px) 100vw, 400px\" \/><\/figure>\n<\/figure>\n\n\n\n<h3 id=\"wp-block-themeisle-blocks-advanced-heading-8c98a130\" class=\"wp-block-themeisle-blocks-advanced-heading wp-block-themeisle-blocks-advanced-heading-8c98a130\"><strong>Ton\u00e5ringars k\u00e4nsloliv och hur vi i skolan kan st\u00f6dja &#8211; med Lisa Damour<\/strong><\/h3>\n\n\n\n<div class=\"wp-block-buttons is-content-justification-center is-layout-flex wp-container-core-buttons-is-layout-a89b3969 wp-block-buttons-is-layout-flex\">\n<div class=\"wp-block-button is-style-primary\"><a class=\"wp-block-button__link wp-element-button\" href=\"https:\/\/youtu.be\/tAD5r4ljp1w\">Se Intervju<\/a><\/div>\n<\/div>\n<\/div>\n\n\n\n<div id=\"wp-block-themeisle-blocks-advanced-column-8f8f68da\" class=\"wp-block-themeisle-blocks-advanced-column\">\n<figure class=\"wp-block-image aligncenter size-full is-resized\"><img loading=\"lazy\" decoding=\"async\" src=\"https:\/\/frojdstoolbox.se\/wp-content\/uploads\/2023\/05\/unnamed-6-edited.png\" alt=\"\" class=\"wp-image-277\" width=\"263\" height=\"374\"\/><\/figure>\n\n\n\n<h3 id=\"wp-block-themeisle-blocks-advanced-heading-c3a538a7\" class=\"wp-block-themeisle-blocks-advanced-heading wp-block-themeisle-blocks-advanced-heading-c3a538a7\">Utveckla elevers t\u00e4nkande och metakognition i klassrummet &#8211; med Adrienne Gear<\/h3>\n\n\n\n<p class=\"has-text-align-center\"><\/p>\n\n\n\n<div class=\"wp-block-buttons is-content-justification-center is-layout-flex wp-container-core-buttons-is-layout-a89b3969 wp-block-buttons-is-layout-flex\">\n<div class=\"wp-block-button is-style-primary\"><a class=\"wp-block-button__link wp-element-button\" href=\"https:\/\/youtu.be\/Yk3w7xYzEwk\">Se Intervju<\/a><\/div>\n<\/div>\n<\/div>\n\n\n\n<div id=\"wp-block-themeisle-blocks-advanced-column-b65f7fc9\" class=\"wp-block-themeisle-blocks-advanced-column\">\n<figure class=\"wp-block-image aligncenter size-full\"><img loading=\"lazy\" decoding=\"async\" width=\"800\" height=\"800\" src=\"https:\/\/frojdstoolbox.se\/wp-content\/uploads\/2023\/03\/Question_mark_black.svg.png\" alt=\"\" class=\"wp-image-193\" srcset=\"https:\/\/frojdstoolbox.se\/wp-content\/uploads\/2023\/03\/Question_mark_black.svg.png 800w, https:\/\/frojdstoolbox.se\/wp-content\/uploads\/2023\/03\/Question_mark_black.svg-300x300.png 300w, https:\/\/frojdstoolbox.se\/wp-content\/uploads\/2023\/03\/Question_mark_black.svg-150x150.png 150w, https:\/\/frojdstoolbox.se\/wp-content\/uploads\/2023\/03\/Question_mark_black.svg-768x768.png 768w\" sizes=\"auto, (max-width: 800px) 100vw, 800px\" \/><\/figure>\n\n\n\n<h3 id=\"wp-block-themeisle-blocks-advanced-heading-ec6f538c\" class=\"wp-block-themeisle-blocks-advanced-heading wp-block-themeisle-blocks-advanced-heading-ec6f538c\">To be announced<\/h3>\n\n\n\n<p class=\"has-text-align-center\"><\/p>\n\n\n\n<div class=\"wp-block-buttons is-content-justification-center is-layout-flex wp-container-core-buttons-is-layout-a89b3969 wp-block-buttons-is-layout-flex\">\n<div class=\"wp-block-button is-style-primary\"><a class=\"wp-block-button__link wp-element-button\">To be announced<\/a><\/div>\n<\/div>\n<\/div>\n<\/div><\/div>\n","protected":false},"excerpt":{"rendered":"","protected":false},"author":1,"featured_media":0,"parent":0,"menu_order":0,"comment_status":"closed","ping_status":"closed","template":"","meta":{"om_disable_all_campaigns":false,"_monsterinsights_skip_tracking":false,"_monsterinsights_sitenote_active":false,"_monsterinsights_sitenote_note":"","_monsterinsights_sitenote_category":0,"_themeisle_gutenberg_block_has_review":false,"footnotes":""},"class_list":["post-49","page","type-page","status-publish","hentry"],"aioseo_notices":[],"_links":{"self":[{"href":"https:\/\/frojdstoolbox.se\/index.php?rest_route=\/wp\/v2\/pages\/49","targetHints":{"allow":["GET"]}}],"collection":[{"href":"https:\/\/frojdstoolbox.se\/index.php?rest_route=\/wp\/v2\/pages"}],"about":[{"href":"https:\/\/frojdstoolbox.se\/index.php?rest_route=\/wp\/v2\/types\/page"}],"author":[{"embeddable":true,"href":"https:\/\/frojdstoolbox.se\/index.php?rest_route=\/wp\/v2\/users\/1"}],"replies":[{"embeddable":true,"href":"https:\/\/frojdstoolbox.se\/index.php?rest_route=%2Fwp%2Fv2%2Fcomments&post=49"}],"version-history":[{"count":36,"href":"https:\/\/frojdstoolbox.se\/index.php?rest_route=\/wp\/v2\/pages\/49\/revisions"}],"predecessor-version":[{"id":281,"href":"https:\/\/frojdstoolbox.se\/index.php?rest_route=\/wp\/v2\/pages\/49\/revisions\/281"}],"wp:attachment":[{"href":"https:\/\/frojdstoolbox.se\/index.php?rest_route=%2Fwp%2Fv2%2Fmedia&parent=49"}],"curies":[{"name":"wp","href":"https:\/\/api.w.org\/{rel}","templated":true}]}}